{"id":3733,"date":"2024-01-26T12:03:23","date_gmt":"2024-01-26T11:03:23","guid":{"rendered":"https:\/\/www.agn.at\/kongress\/?page_id=3733"},"modified":"2026-01-29T09:09:39","modified_gmt":"2026-01-29T08:09:39","slug":"diplom-fortbildungs-programm","status":"publish","type":"page","link":"https:\/\/www.agn.at\/kongress\/diplom-fortbildungs-programm\/","title":{"rendered":"Diplom-Fortbildungs-Programm"},"content":{"rendered":"<div class=\"bt_rc_container\"><section id=\"bt_section_eyhmj1qq5y\"  class=\"boldSection gutter inherit\" ><div class=\"port\"><div class=\"boldCell\"><div class=\"boldCellInner\"><div class=\"boldRow \" ><div class=\"boldRowInner\"><div class=\"rowItem col-md-9 col-ms-12  btTextLeft inherit\"  data-width=\"9\"><div class=\"rowItemContent\" ><div class=\"btClear btSeparator topSpaced noBorder\" ><hr><\/div><header class=\"header btClear large\" ><div class=\"dash\"><h2><span class=\"headline\">Diplom-Fortbildungs-Programm<\/span><\/h2><\/div><\/header><div class=\"btClear btSeparator topSmallSpaced noBorder\" ><hr><\/div><div class=\"btText\" ><p>Nat\u00fcrlich ist der Notfallmedizinkongress 2026 auch dieses Jahr wieder von der \u00d6sterreichischen \u00c4rztekammer mit Fortbildungspunkten approbiert. Um den Anforderungen der DFP-\u00dcberpr\u00fcfung gerecht zu werden, erhalten alle \u00c4rzt:innen bei der Registrierung das Namensschild, welches mit einem QR Code versehen ist. Hier m\u00f6chten wir Sie bitten, dieses zu Beginn jeder besuchten Session einscannen zu lassen. Geschultes Personal unterst\u00fctzt Sie dabei gerne!<\/p>\n<p>Die Buchung der DFP-Punkte erfolgt im Nachhinein automatisch.<br \/>\nF\u00fcr den Erhalt eines Notarztrefreshers (mind.16 DFP-Punkte) ist zus\u00e4tzlich der Besuch von zwei Workshops erforderlich.<\/p>\n<\/div><div class=\"btClear btSeparator topSemiSpaced noBorder\" ><hr><\/div><div id=\"bt_rc_button_h0lxborg8e\" class=\"bt_rc_content_element bt_rc_button bt_rc_flex bt_rc_size_normal bt_rc_shape_square bt_rc_style_outline\"><a href=\"https:\/\/www.arztakademie.at\/dfp-programm-aerzt-innen\"  target=\"_blank\"><div>Diplom-Fortbildungs-Programm (Akademie der \u00c4rzte)<\/div><\/a><\/div><div class=\"btClear btSeparator topSmallSpaced noBorder\" ><hr><\/div><\/div><\/div><div class=\"rowItem col-md-3 col-sm-6 col-ms-12 btTextLeft inherit\"  data-width=\"3\"><div class=\"rowItemContent\" ><div class=\"btClear btSeparator topSmallSpaced noBorder\" ><hr><\/div><div class=\"bpgPhoto \" ><div class=\"btImage\"><img decoding=\"async\" src=\"https:\/\/www.agn.at\/kongress\/wp-content\/uploads\/2023\/12\/DFP_LOGO_APPROBIERT_150dpi_Farbe.gif\" alt=\"https:\/\/www.agn.at\/kongress\/wp-content\/uploads\/2023\/12\/DFP_LOGO_APPROBIERT_150dpi_Farbe.gif\"><\/div><\/div><\/div><\/div><\/div><\/div><div class=\"boldRow \" ><div class=\"boldRowInner\"><div class=\"rowItem col-md-12 col-ms-12  btTextLeft inherit\"  data-width=\"12\"><div class=\"rowItemContent\" ><div class=\"btClear btSeparator topExtraSmallSpaced bottomExtraSmallSpaced border\" ><hr><\/div><div class=\"btText\" ><\/p>\n<h5>Notarztrefresher nach \u00a740 \u00c4G<\/h5>\n<p>F\u00fcr die Aufrechterhaltung der Notarztqualifikation (Refresher) sind 16 Lehreinheiten \u00e0 45 Minuten notwendig. Ebenso muss es zumindest einen praktischen Teil geben. F\u00fcr einen Notarztrefresher m\u00fcssen also zumindest 16 Fortbildungspunkte erreicht und zwei Workshops erfolgreich absolviert werden. Der Kongress bietet zahlreiche M\u00f6glichkeiten, individuell seinen eigenen Refresher zusammenzustellen.<\/p>\n<\/div><\/div><\/div><\/div><\/div><div class=\"boldRow \" ><div class=\"boldRowInner\"><div class=\"rowItem col-md-9 col-ms-12  btTextLeft inherit\"  data-width=\"9\"><div class=\"rowItemContent\" ><div class=\"btClear btSeparator topSemiSpaced noBorder\" ><hr><\/div><div class=\"btClear btSeparator topExtraSpaced bottomExtraSpaced noBorder\" ><hr><\/div><\/div><\/div><div class=\"rowItem col-md-3 col-sm-6 col-ms-12 btTextLeft inherit\"  data-width=\"3\"><div class=\"rowItemContent\" ><\/div><\/div><\/div><\/div><\/div><\/div><\/div><\/section>\n<\/div>","protected":false},"excerpt":{"rendered":"","protected":false},"author":1,"featured_media":0,"parent":0,"menu_order":0,"comment_status":"closed","ping_status":"closed","template":"","meta":{"footnotes":""},"class_list":["post-3733","page","type-page","status-publish","hentry"],"_links":{"self":[{"href":"https:\/\/www.agn.at\/kongress\/wp-json\/wp\/v2\/pages\/3733","targetHints":{"allow":["GET"]}}],"collection":[{"href":"https:\/\/www.agn.at\/kongress\/wp-json\/wp\/v2\/pages"}],"about":[{"href":"https:\/\/www.agn.at\/kongress\/wp-json\/wp\/v2\/types\/page"}],"author":[{"embeddable":true,"href":"https:\/\/www.agn.at\/kongress\/wp-json\/wp\/v2\/users\/1"}],"replies":[{"embeddable":true,"href":"https:\/\/www.agn.at\/kongress\/wp-json\/wp\/v2\/comments?post=3733"}],"version-history":[{"count":0,"href":"https:\/\/www.agn.at\/kongress\/wp-json\/wp\/v2\/pages\/3733\/revisions"}],"wp:attachment":[{"href":"https:\/\/www.agn.at\/kongress\/wp-json\/wp\/v2\/media?parent=3733"}],"curies":[{"name":"wp","href":"https:\/\/api.w.org\/{rel}","templated":true}]}}